{"id":17708,"date":"2026-05-06T13:27:59","date_gmt":"2026-05-06T13:27:59","guid":{"rendered":"https:\/\/dssi.co.mz\/?page_id=17708"},"modified":"2026-05-06T15:04:58","modified_gmt":"2026-05-06T15:04:58","slug":"mailstore-solutions","status":"publish","type":"page","link":"https:\/\/dssi.co.mz\/en\/mailstore-solutions\/","title":{"rendered":"MailStore &#8211; Solutions"},"content":{"rendered":"\t\t<div data-elementor-type=\"wp-page\" data-elementor-id=\"17708\" class=\"elementor elementor-17708\" data-elementor-post-type=\"page\">\n\t\t\t\t\t\t<header class=\"elementor-section elementor-top-section elementor-element elementor-element-7f27bc6 elementor-section-height-min-height elementor-section-full_width elementor-section-height-default elementor-section-items-middle wpr-particle-no wpr-jarallax-no wpr-parallax-no wpr-sticky-section-no\" data-id=\"7f27bc6\" data-element_type=\"section\" data-settings=\"{&quot;background_background&quot;:&quot;classic&quot;,&quot;background_motion_fx_motion_fx_mouse&quot;:&quot;yes&quot;}\">\n\t\t\t\t\t\t\t<div class=\"elementor-background-overlay\"><\/div>\n\t\t\t\t\t\t\t<div class=\"elementor-container elementor-column-gap-default\">\n\t\t\t\t\t<div class=\"elementor-column elementor-col-100 elementor-top-column elementor-element elementor-element-8a542fc\" data-id=\"8a542fc\" data-element_type=\"column\">\n\t\t\t<div class=\"elementor-widget-wrap elementor-element-populated\">\n\t\t\t\t\t\t<div class=\"elementor-element elementor-element-b623248 elementor-widget elementor-widget-image\" data-id=\"b623248\" data-element_type=\"widget\" data-widget_type=\"image.default\">\n\t\t\t\t<div class=\"elementor-widget-container\">\n\t\t\t\t\t\t\t\t\t\t\t\t\t\t\t<img decoding=\"async\" width=\"221\" height=\"131\" src=\"https:\/\/dssi.co.mz\/wp-content\/uploads\/2025\/04\/MailStore.png\" class=\"attachment-medium_large size-medium_large wp-image-7182\" alt=\"MailStore\" \/>\t\t\t\t\t\t\t\t\t\t\t\t\t\t\t<\/div>\n\t\t\t\t<\/div>\n\t\t\t\t<div class=\"elementor-element elementor-element-af3c68f elementor-widget__width-initial elementor-widget elementor-widget-heading\" data-id=\"af3c68f\" data-element_type=\"widget\" data-widget_type=\"heading.default\">\n\t\t\t\t<div class=\"elementor-widget-container\">\n\t\t\t\t\t<h2 class=\"elementor-heading-title elementor-size-default\">Solutions and Case Studies<\/h2>\t\t\t\t<\/div>\n\t\t\t\t<\/div>\n\t\t\t\t\t<\/div>\n\t\t<\/div>\n\t\t\t\t\t<\/div>\n\t\t<\/header>\n\t\t<div class=\"elementor-element elementor-element-1010431 e-flex e-con-boxed wpr-particle-no wpr-jarallax-no wpr-parallax-no wpr-sticky-section-no e-con e-parent\" data-id=\"1010431\" data-element_type=\"container\">\n\t\t\t\t\t<div class=\"e-con-inner\">\n\t\t<div class=\"elementor-element elementor-element-690f953 e-con-full e-flex wpr-particle-no wpr-jarallax-no wpr-parallax-no wpr-sticky-section-no e-con e-child\" data-id=\"690f953\" data-element_type=\"container\">\n\t\t<div class=\"elementor-element elementor-element-733aae4 e-con-full e-flex wpr-particle-no wpr-jarallax-no wpr-parallax-no wpr-sticky-section-no e-con e-child\" data-id=\"733aae4\" data-element_type=\"container\">\n\t\t\t\t<div class=\"elementor-element elementor-element-92e688f elementor-widget elementor-widget-spacer\" data-id=\"92e688f\" data-element_type=\"widget\" data-widget_type=\"spacer.default\">\n\t\t\t\t<div class=\"elementor-widget-container\">\n\t\t\t\t\t\t\t<div class=\"elementor-spacer\">\n\t\t\t<div class=\"elementor-spacer-inner\"><\/div>\n\t\t<\/div>\n\t\t\t\t\t\t<\/div>\n\t\t\t\t<\/div>\n\t\t\t\t<\/div>\n\t\t<div class=\"elementor-element elementor-element-95d9a5e e-con-full e-flex wpr-particle-no wpr-jarallax-no wpr-parallax-no wpr-sticky-section-no e-con e-child\" data-id=\"95d9a5e\" data-element_type=\"container\">\n\t\t\t\t<div class=\"elementor-element elementor-element-0c87591 elementor-widget elementor-widget-heading\" data-id=\"0c87591\" data-element_type=\"widget\" data-widget_type=\"heading.default\">\n\t\t\t\t<div class=\"elementor-widget-container\">\n\t\t\t\t\t<h2 class=\"elementor-heading-title elementor-size-default\">Solutions<\/h2>\t\t\t\t<\/div>\n\t\t\t\t<\/div>\n\t\t\t\t<\/div>\n\t\t\t\t<\/div>\n\t\t\t\t\t<\/div>\n\t\t\t\t<\/div>\n\t\t<div class=\"elementor-element elementor-element-cd954b9 e-flex e-con-boxed wpr-particle-no wpr-jarallax-no wpr-parallax-no wpr-sticky-section-no e-con e-parent\" data-id=\"cd954b9\" data-element_type=\"container\">\n\t\t\t\t\t<div class=\"e-con-inner\">\n\t\t\t\t<div class=\"elementor-element elementor-element-7c8d72d elementor-widget elementor-widget-text-editor\" data-id=\"7c8d72d\" data-element_type=\"widget\" data-widget_type=\"text-editor.default\">\n\t\t\t\t<div class=\"elementor-widget-container\">\n\t\t\t\t\t\t\t\t\t<p>GDPR Compliance and Email Archiving<\/p><h5>With the implementation of the General Data Protection Regulation (GDPR) in Europe, MailStore has updated its email archiving software to ensure broader compliance.<\/h5><div>\u00a0<\/div>\t\t\t\t\t\t\t\t<\/div>\n\t\t\t\t<\/div>\n\t\t\t\t\t<\/div>\n\t\t\t\t<\/div>\n\t\t<div class=\"elementor-element elementor-element-64dfb3e e-flex e-con-boxed wpr-particle-no wpr-jarallax-no wpr-parallax-no wpr-sticky-section-no e-con e-parent\" data-id=\"64dfb3e\" data-element_type=\"container\">\n\t\t\t\t\t<div class=\"e-con-inner\">\n\t\t\t\t<div class=\"elementor-element elementor-element-ffc4fce elementor-widget elementor-widget-text-editor\" data-id=\"ffc4fce\" data-element_type=\"widget\" data-widget_type=\"text-editor.default\">\n\t\t\t\t<div class=\"elementor-widget-container\">\n\t\t\t\t\t\t\t\t\t<h3>Have professional email file standards<\/h3><p>More and more companies are dealing with challenges regarding compliance policies, HIFA and FERPA in the United States and GDPR in the European Union. On May 25, 2018, the General Data Protection Regulation. With Mailstore Server you can count on support for certain GDPR\/RGPD requirements. The software creates copies of all emails in a central general email archive to ensure data security and availability for years to come. Mailstore Server was inspected by an independent IT auditor who declared that Mailstore Server is officially certified by the GRPR. Emails are archived in compliance with MIME, the email standard defined in RFC 2045 and its successors. This helps meet compliance requirements and ensures that the data can be used outside the MailStore.<\/p><h3>Retention policies<\/h3><div><p>Those responsible for administration can set up detailed storage policies, allowing them to maintain full control over the periods during which different types of emails are kept. They can specify when emails should be automatically removed from storage, thus complying with the different retention periods that may be required by regulatory standards. These policies help customers meet their obligations under the European Union&#8217;s General Data Protection Regulation (GDPR).<\/p><\/div>\t\t\t\t\t\t\t\t<\/div>\n\t\t\t\t<\/div>\n\t\t\t\t\t<\/div>\n\t\t\t\t<\/div>\n\t\t<div class=\"elementor-element elementor-element-0630fd2 e-flex e-con-boxed wpr-particle-no wpr-jarallax-no wpr-parallax-no wpr-sticky-section-no e-con e-parent\" data-id=\"0630fd2\" data-element_type=\"container\">\n\t\t\t\t\t<div class=\"e-con-inner\">\n\t\t\t\t<div class=\"elementor-element elementor-element-78a176a elementor-widget elementor-widget-heading\" data-id=\"78a176a\" data-element_type=\"widget\" data-widget_type=\"heading.default\">\n\t\t\t\t<div class=\"elementor-widget-container\">\n\t\t\t\t\t<h2 class=\"elementor-heading-title elementor-size-default\">Case Study<\/h2>\t\t\t\t<\/div>\n\t\t\t\t<\/div>\n\t\t\t\t\t<\/div>\n\t\t\t\t<\/div>\n\t\t<div class=\"elementor-element elementor-element-61ca9e3 e-flex e-con-boxed wpr-particle-no wpr-jarallax-no wpr-parallax-no wpr-sticky-section-no e-con e-parent\" data-id=\"61ca9e3\" data-element_type=\"container\">\n\t\t\t\t\t<div class=\"e-con-inner\">\n\t\t<div class=\"elementor-element elementor-element-b0bb38a e-con-full e-flex wpr-particle-no wpr-jarallax-no wpr-parallax-no wpr-sticky-section-no e-con e-child\" data-id=\"b0bb38a\" data-element_type=\"container\">\n\t\t\t\t<div class=\"elementor-element elementor-element-ee037a9 elementor-widget elementor-widget-text-editor\" data-id=\"ee037a9\" data-element_type=\"widget\" data-widget_type=\"text-editor.default\">\n\t\t\t\t<div class=\"elementor-widget-container\">\n\t\t\t\t\t\t\t\t\t<p><strong>Indianapolis International Airport<\/strong><\/p><p>Neste caso de sucesso, Richard Edwards, IT Infrastructure &amp; Security Manager no Indianapolis International Airport, explica o porqu\u00ea do aeroporto ter optado por substituir a solu\u00e7\u00e3o de arquivo de email (que tinham h\u00e1 mais de 10 anos) para o MailStore Server.Inaugurado em 1931, o Indianapolis International Airport \u00e9 o maior aeroporto do estado norte-americano e o segundo mais movimentado do mundo para os avi\u00f5es da empresa de log\u00edstica FedEx. Desde sempre a empresa utilizava uma solu\u00e7\u00e3o de arquivo de email, que se acabou por revelar cara, complicada e pouco fidedigna. Por estas raz\u00f5es, e depois de um per\u00edodo intensivo de avalia\u00e7\u00e3o, em 2011 foi tomada a decis\u00e3o de investir numa nova solu\u00e7\u00e3o: no MailStore Server. Segundo Richard, as raz\u00f5es prenderam-se com o baixo custo de aquisi\u00e7\u00e3o, os requisitos de sistema, a utiliza\u00e7\u00e3o intuitiva e a integra\u00e7\u00e3o perfeita na infraestrutura j\u00e1 existente. Al\u00e9m disso, durante este processo a empresa foi acompanhada por uma equipa altamente qualificada, de resposta r\u00e1pida e com uma documenta\u00e7\u00e3o feita a pensar em cada fase de teste.<\/p>\t\t\t\t\t\t\t\t<\/div>\n\t\t\t\t<\/div>\n\t\t<div class=\"elementor-element elementor-element-3be3bdf e-con-full e-flex wpr-particle-no wpr-jarallax-no wpr-parallax-no wpr-sticky-section-no e-con e-child\" data-id=\"3be3bdf\" data-element_type=\"container\">\n\t\t\t\t<div class=\"elementor-element elementor-element-05c5287 elementor-widget elementor-widget-text-editor\" data-id=\"05c5287\" data-element_type=\"widget\" data-widget_type=\"text-editor.default\">\n\t\t\t\t<div class=\"elementor-widget-container\">\n\t\t\t\t\t\t\t\t\t<h3 class=\"vc_custom_heading\">Improvements applied<\/h3><div class=\"wpb_text_column wpb_content_element \"><div class=\"wpb_wrapper\"><p>In this success story, Richard Edwards, IT Infrastructure &amp; Security Manager at Indianapolis International Airport, explains why the airport chose to replace their email archiving solution (which they had had for over 10 years) with MailStore Server.<\/p><p>Opened in 1931, Indianapolis International Airport is the largest airport in the US and the second busiest in the world for the planes of the logistics company FedEx. The company has always used an email archiving solution, which turned out to be expensive, complicated and unreliable. For these reasons, and after an intensive period of evaluation, in 2011 the decision was made to invest in a new solution: MailStore Server. According to Richard, the reasons were the low cost of ownership, system requirements, intuitive use and seamless integration into the existing infrastructure. In addition, during this process the company was accompanied by a highly qualified team that responded quickly and provided documentation designed with each test phase in mind.<\/p><h3 class=\"vc_custom_heading\">Improvements applied<\/h3><p class=\"vc_custom_heading\">In the meantime, the airport reviewed its strategic approach and started to focus on journaling. To avoid data loss and ensure that the legal requirements governing the availability and security of the company&#8217;s key data were respected, whether emails were sent in or out, they were archived on the server.<\/p><h2 class=\"vc_custom_heading\">Search options for users<\/h2><div class=\"wpb_text_column wpb_content_element \"><div class=\"wpb_wrapper\">With MailServer, users have search functions available via MailStore Client, MailStore Outlook add-in and MailStore Web Access. These options provide users with quick content search options for any email and attached file.<\/div><\/div><\/div><\/div>\t\t\t\t\t\t\t\t<\/div>\n\t\t\t\t<\/div>\n\t\t\t\t<\/div>\n\t\t\t\t<\/div>\n\t\t\t\t\t<\/div>\n\t\t\t\t<\/div>\n\t\t\t\t<\/div>\n\t\t","protected":false},"excerpt":{"rendered":"<p>Solutions and Case Studies Solutions GDPR Compliance and Email Archiving With the implementation of the General Data Protection Regulation (GDPR) in Europe, MailStore has updated its email archiving software to ensure broader compliance. \u00a0 Have professional email file standards More and more companies are dealing with challenges regarding compliance policies, HIFA and FERPA in the United States and GDPR in the European Union. On May 25, 2018, the General Data Protection Regulation. With Mailstore Server you can count on support for certain GDPR\/RGPD requirements. The software creates copies of all emails in a central general email archive to ensure data security and availability for years to come. Mailstore Server was inspected by an independent IT auditor who declared that Mailstore Server is officially certified by the GRPR. Emails are archived in compliance with MIME, the email standard defined in RFC 2045 and its successors. This helps meet compliance requirements and ensures that the data can be used outside the MailStore. Retention policies Those responsible for administration can set up detailed storage policies, allowing them to maintain full control over the periods during which different types of emails are kept. They can specify when emails should be automatically removed from storage, thus complying with the different retention periods that may be required by regulatory standards. These policies help customers meet their obligations under the European Union&#8217;s General Data Protection Regulation (GDPR). Case Study Indianapolis International Airport Neste caso de sucesso, Richard Edwards, IT Infrastructure &amp; Security Manager no Indianapolis International Airport, explica o porqu\u00ea do aeroporto ter optado por substituir a solu\u00e7\u00e3o de arquivo de email (que tinham h\u00e1 mais de 10 anos) para o MailStore Server.Inaugurado em 1931, o Indianapolis International Airport \u00e9 o maior aeroporto do estado norte-americano e o segundo mais movimentado do mundo para os avi\u00f5es da empresa de log\u00edstica FedEx. Desde sempre a empresa utilizava uma solu\u00e7\u00e3o de arquivo de email, que se acabou por revelar cara, complicada e pouco fidedigna. Por estas raz\u00f5es, e depois de um per\u00edodo intensivo de avalia\u00e7\u00e3o, em 2011 foi tomada a decis\u00e3o de investir numa nova solu\u00e7\u00e3o: no MailStore Server. Segundo Richard, as raz\u00f5es prenderam-se com o baixo custo de aquisi\u00e7\u00e3o, os requisitos de sistema, a utiliza\u00e7\u00e3o intuitiva e a integra\u00e7\u00e3o perfeita na infraestrutura j\u00e1 existente. Al\u00e9m disso, durante este processo a empresa foi acompanhada por uma equipa altamente qualificada, de resposta r\u00e1pida e com uma documenta\u00e7\u00e3o feita a pensar em cada fase de teste. Improvements applied In this success story, Richard Edwards, IT Infrastructure &amp; Security Manager at Indianapolis International Airport, explains why the airport chose to replace their email archiving solution (which they had had for over 10 years) with MailStore Server. Opened in 1931, Indianapolis International Airport is the largest airport in the US and the second busiest in the world for the planes of the logistics company FedEx. The company has always used an email archiving solution, which turned out to be expensive, complicated and unreliable. For these reasons, and after an intensive period of evaluation, in 2011 the decision was made to invest in a new solution: MailStore Server. According to Richard, the reasons were the low cost of ownership, system requirements, intuitive use and seamless integration into the existing infrastructure. In addition, during this process the company was accompanied by a highly qualified team that responded quickly and provided documentation designed with each test phase in mind. Improvements applied In the meantime, the airport reviewed its strategic approach and started to focus on journaling. To avoid data loss and ensure that the legal requirements governing the availability and security of the company&#8217;s key data were respected, whether emails were sent in or out, they were archived on the server. Search options for users With MailServer, users have search functions available via MailStore Client, MailStore Outlook add-in and MailStore Web Access. These options provide users with quick content search options for any email and attached file.<\/p>\n","protected":false},"author":3,"featured_media":0,"parent":0,"menu_order":0,"comment_status":"closed","ping_status":"closed","template":"elementor_header_footer","meta":{"footnotes":""},"class_list":["post-17708","page","type-page","status-publish","hentry"],"_links":{"self":[{"href":"https:\/\/dssi.co.mz\/en\/wp-json\/wp\/v2\/pages\/17708","targetHints":{"allow":["GET"]}}],"collection":[{"href":"https:\/\/dssi.co.mz\/en\/wp-json\/wp\/v2\/pages"}],"about":[{"href":"https:\/\/dssi.co.mz\/en\/wp-json\/wp\/v2\/types\/page"}],"author":[{"embeddable":true,"href":"https:\/\/dssi.co.mz\/en\/wp-json\/wp\/v2\/users\/3"}],"replies":[{"embeddable":true,"href":"https:\/\/dssi.co.mz\/en\/wp-json\/wp\/v2\/comments?post=17708"}],"version-history":[{"count":4,"href":"https:\/\/dssi.co.mz\/en\/wp-json\/wp\/v2\/pages\/17708\/revisions"}],"predecessor-version":[{"id":17805,"href":"https:\/\/dssi.co.mz\/en\/wp-json\/wp\/v2\/pages\/17708\/revisions\/17805"}],"wp:attachment":[{"href":"https:\/\/dssi.co.mz\/en\/wp-json\/wp\/v2\/media?parent=17708"}],"curies":[{"name":"wp","href":"https:\/\/api.w.org\/{rel}","templated":true}]}}